{"id":94,"date":"2026-01-28T19:19:52","date_gmt":"2026-01-28T19:19:52","guid":{"rendered":"http:\/\/xn--coopration-locale-etb.fr\/?page_id=94"},"modified":"2026-03-06T20:54:44","modified_gmt":"2026-03-06T20:54:44","slug":"contactez-nous","status":"publish","type":"page","link":"https:\/\/cooperation-locale.fr\/index.php\/contactez-nous\/","title":{"rendered":"Contactez-nous"},"content":{"rendered":"\n<div class=\"wp-block-uagb-container uagb-block-uzyzwapr alignfull uagb-is-root-container\"><div class=\"uagb-container-inner-blocks-wrap\">\n<div class=\"wp-block-uagb-container uagb-block-mmgctytv\">\n<div class=\"wp-block-uagb-info-box uagb-block-rmwkmezl uagb-infobox__content-wrap  uagb-infobox-icon-above-title uagb-infobox-image-valign-top\"><div class=\"uagb-ifb-content\"><div class=\"uagb-ifb-title-wrap\"><h2 class=\"uagb-ifb-title\">Plus d&#8217;informations<\/h2><\/div><\/div><\/div>\n\n\n\n<div class=\"wp-block-uagb-info-box uagb-block-75njrae7 uagb-infobox__content-wrap  uagb-infobox-icon-above-title uagb-infobox-image-valign-top\"><div class=\"uagb-ifb-content\"><div class=\"uagb-ifb-title-wrap\"><p class=\"uagb-ifb-title\"><font dir=\"auto\" style=\"vertical-align: inherit;\"><font dir=\"auto\" style=\"vertical-align: inherit;\">Laissez-nous votre message<\/font><\/font><\/p><\/div><p class=\"uagb-ifb-desc\">Nous vous rappelons tr\u00e8s rapidement<\/p><\/div><\/div>\n\n\n\n<div class=\"wp-block-uagb-image alignleft uagb-block-ce99ce71 wp-block-uagb-image--layout-default wp-block-uagb-image--effect-static wp-block-uagb-image--align-left\"><figure class=\"wp-block-uagb-image__figure\"><a class=\"\" href=\"https:\/\/www.linkedin.com\/company\/cooperation-locale\/about\/?viewAsMember=true\" target=\"\" rel=\"noopener\"><img loading=\"lazy\" decoding=\"async\" srcset=\"https:\/\/cooperation-locale.fr\/wp-content\/uploads\/2026\/03\/Logo-LinkedIn.png ,https:\/\/cooperation-locale.fr\/wp-content\/uploads\/2026\/03\/Logo-LinkedIn.png 780w, https:\/\/cooperation-locale.fr\/wp-content\/uploads\/2026\/03\/Logo-LinkedIn.png 360w\" sizes=\"auto, (max-width: 480px) 150px\" src=\"https:\/\/cooperation-locale.fr\/wp-content\/uploads\/2026\/03\/Logo-LinkedIn.png\" alt=\"\" class=\"uag-image-696\" width=\"64\" height=\"64\" title=\"\" loading=\"lazy\" role=\"presentation\"\/><\/a><\/figure><\/div>\n\n\n\n<div class=\"wp-block-uagb-icon-list uagb-block-fpbm1t6g\"><div class=\"uagb-icon-list__wrap\">\n<div class=\"wp-block-uagb-icon-list-child uagb-block-83prci4i\"><span class=\"uagb-icon-list__source-wrap\"><svg xmlns=\"https:\/\/www.w3.org\/2000\/svg\" viewBox=\"0 0 512 512\"><path d=\"M464 64C490.5 64 512 85.49 512 112C512 127.1 504.9 141.3 492.8 150.4L275.2 313.6C263.8 322.1 248.2 322.1 236.8 313.6L19.2 150.4C7.113 141.3 0 127.1 0 112C0 85.49 21.49 64 48 64H464zM217.6 339.2C240.4 356.3 271.6 356.3 294.4 339.2L512 176V384C512 419.3 483.3 448 448 448H64C28.65 448 0 419.3 0 384V176L217.6 339.2z\"><\/path><\/svg><\/span><span class=\"uagb-icon-list__label\"><font dir=\"auto\" style=\"vertical-align: inherit;\"><font dir=\"auto\" style=\"vertical-align: inherit;\">frederique@cooperation-locale.fr<\/font><\/font><\/span><\/div>\n\n\n\n\n\n<div class=\"wp-block-uagb-icon-list-child uagb-block-dljpzuf8\"><span class=\"uagb-icon-list__source-wrap\"><svg xmlns=\"https:\/\/www.w3.org\/2000\/svg\" viewBox=\"0 0 512 512\"><path d=\"M511.2 387l-23.25 100.8c-3.266 14.25-15.79 24.22-30.46 24.22C205.2 512 0 306.8 0 54.5c0-14.66 9.969-27.2 24.22-30.45l100.8-23.25C139.7-2.602 154.7 5.018 160.8 18.92l46.52 108.5c5.438 12.78 1.77 27.67-8.98 36.45L144.5 207.1c33.98 69.22 90.26 125.5 159.5 159.5l44.08-53.8c8.688-10.78 23.69-14.51 36.47-8.975l108.5 46.51C506.1 357.2 514.6 372.4 511.2 387z\"><\/path><\/svg><\/span><span class=\"uagb-icon-list__label\">06 33 40 62 53<\/span><\/div>\n<\/div><\/div>\n<\/div>\n\n\n\n<div class=\"wp-block-uagb-forms uagb-forms__outer-wrap uagb-block-y3f5cbza uagb-forms__default-btn\"><form class=\"uagb-forms-main-form\" method=\"post\" autocomplete=\"on\" name=\"uagb-form-y3f5cbza\">\n<div class=\"wp-block-uagb-forms-name uagb-forms-name-wrap uagb-forms-field-set uagb-block-u2pinrvj\"><div class=\"uagb-forms-name-label required uagb-forms-input-label\" id=\"u2pinrvj\">Nom Pr\u00e9nom<\/div><input type=\"text\" placeholder=\"\" required class=\"uagb-forms-name-input uagb-forms-input\" name=\"u2pinrvj\" autocomplete=\"given-name\"\/><\/div>\n\n\n\n<div class=\"wp-block-uagb-forms-email uagb-forms-email-wrap uagb-forms-field-set uagb-block-1yxczym7\"><div class=\"uagb-forms-email-label required uagb-forms-input-label\" id=\"1yxczym7\">Email<\/div><input type=\"email\" class=\"uagb-forms-email-input uagb-forms-input\" placeholder=\"\" required name=\"1yxczym7\" autocomplete=\"email\"\/><\/div>\n\n\n\n<div class=\"wp-block-uagb-forms-email uagb-forms-email-wrap uagb-forms-field-set uagb-block-4604b145\"><div class=\"uagb-forms-email-label required uagb-forms-input-label\" id=\"4604b145\">T\u00e9l\u00e9phone<\/div><input type=\"email\" class=\"uagb-forms-email-input uagb-forms-input\" placeholder=\"\" required name=\"4604b145\" autocomplete=\"email\"\/><\/div>\n\n\n\n<div class=\"wp-block-uagb-forms-textarea uagb-forms-textarea-wrap uagb-forms-field-set uagb-block-roatklua\"><div class=\"uagb-forms-textarea-label required uagb-forms-input-label\" id=\"roatklua\">Message<\/div><textarea required class=\"uagb-forms-textarea-input uagb-forms-input\" rows=\"6\" placeholder=\"\" name=\"roatklua\" autocomplete=\"off\"><\/textarea><\/div>\n<div class=\"uagb-forms-form-hidden-data\"><input type=\"hidden\" class=\"uagb_forms_form_label\" value=\"Spectra Form\"\/><input type=\"hidden\" class=\"uagb_forms_form_id\" value=\"uagb-form-y3f5cbza\"\/><\/div><div class=\"uagb-form-reacaptcha-error-y3f5cbza\"><\/div><div class=\"uagb-forms-main-submit-button-wrap wp-block-button\"><button class=\"uagb-forms-main-submit-button wp-block-button__link\"><div class=\"uagb-forms-main-submit-button-text\">Envoyez<\/div><\/button><\/div><\/form><div class=\"uagb-forms-success-message-y3f5cbza uagb-forms-submit-message-hide\"><span>Votre demande a \u00e9t\u00e9 envoy\u00e9e avec succ\u00e8s<\/span><\/div><div class=\"uagb-forms-failed-message-y3f5cbza uagb-forms-submit-message-hide\"><span>There has been some error while submitting the form. Please verify all form fields again.<\/span><\/div><\/div>\n<\/div><\/div>\n\n\n\n<p><\/p>\n","protected":false},"excerpt":{"rendered":"","protected":false},"author":1,"featured_media":0,"parent":0,"menu_order":0,"comment_status":"closed","ping_status":"closed","template":"","meta":{"_uag_custom_page_level_css":"","site-sidebar-layout":"no-sidebar","site-content-layout":"","ast-site-content-layout":"full-width-container","site-content-style":"default","site-sidebar-style":"default","ast-global-header-display":"","ast-banner-title-visibility":"","ast-main-header-display":"","ast-hfb-above-header-display":"","ast-hfb-below-header-display":"","ast-hfb-mobile-header-display":"","site-post-title":"disabled","ast-breadcrumbs-content":"","ast-featured-img":"disabled","footer-sml-layout":"","ast-disable-related-posts":"","theme-transparent-header-meta":"","adv-header-id-meta":"","stick-header-meta":"","header-above-stick-meta":"","header-main-stick-meta":"","header-below-stick-meta":"","astra-migrate-meta-layouts":"default","ast-page-background-enabled":"default","ast-page-background-meta":{"desktop":{"background-color":"var(--ast-global-color-5)","background-image":"","background-repeat":"repeat","background-position":"center center","background-size":"auto","background-attachment":"scroll","background-type":"","background-media":"","overlay-type":"","overlay-color":"","overlay-opacity":"","overlay-gradient":""},"tablet":{"background-color":"","background-image":"","background-repeat":"repeat","background-position":"center center","background-size":"auto","background-attachment":"scroll","background-type":"","background-media":"","overlay-type":"","overlay-color":"","overlay-opacity":"","overlay-gradient":""},"mobile":{"background-color":"","background-image":"","background-repeat":"repeat","background-position":"center center","background-size":"auto","background-attachment":"scroll","background-type":"","background-media":"","overlay-type":"","overlay-color":"","overlay-opacity":"","overlay-gradient":""}},"ast-content-background-meta":{"desktop":{"background-color":"var(--ast-global-color-4)","background-image":"","background-repeat":"repeat","background-position":"center center","background-size":"auto","background-attachment":"scroll","background-type":"","background-media":"","overlay-type":"","overlay-color":"","overlay-opacity":"","overlay-gradient":""},"tablet":{"background-color":"var(--ast-global-color-4)","background-image":"","background-repeat":"repeat","background-position":"center center","background-size":"auto","background-attachment":"scroll","background-type":"","background-media":"","overlay-type":"","overlay-color":"","overlay-opacity":"","overlay-gradient":""},"mobile":{"background-color":"var(--ast-global-color-4)","background-image":"","background-repeat":"repeat","background-position":"center center","background-size":"auto","background-attachment":"scroll","background-type":"","background-media":"","overlay-type":"","overlay-color":"","overlay-opacity":"","overlay-gradient":""}},"footnotes":""},"class_list":["post-94","page","type-page","status-publish","hentry"],"yoast_head":"<!-- This site is optimized with the Yoast SEO plugin v27.1.1 - https:\/\/yoast.com\/product\/yoast-seo-wordpress\/ -->\n<title>Contactez-nous - Coop\u00e9ration Locale<\/title>\n<meta name=\"description\" content=\"Envie de grandir dans vos pratiques. Besoin de sortir de la solitude. Contactez notre r\u00e9seau pour vous accompagner\" \/>\n<meta name=\"robots\" content=\"index, follow, max-snippet:-1, max-image-preview:large, max-video-preview:-1\" \/>\n<link rel=\"canonical\" href=\"https:\/\/cooperation-locale.fr\/index.php\/contactez-nous\/\" \/>\n<meta property=\"og:locale\" content=\"en_US\" \/>\n<meta property=\"og:type\" content=\"article\" \/>\n<meta property=\"og:title\" content=\"Contactez-nous - Coop\u00e9ration Locale\" \/>\n<meta property=\"og:description\" content=\"Envie de grandir dans vos pratiques. Besoin de sortir de la solitude. Contactez notre r\u00e9seau pour vous accompagner\" \/>\n<meta property=\"og:url\" content=\"https:\/\/cooperation-locale.fr\/index.php\/contactez-nous\/\" \/>\n<meta property=\"og:site_name\" content=\"Coop\u00e9ration Locale\" \/>\n<meta property=\"article:publisher\" content=\"https:\/\/www.facebook.com\/profile.php?id=61587758434285\" \/>\n<meta property=\"article:modified_time\" content=\"2026-03-06T20:54:44+00:00\" \/>\n<meta property=\"og:image\" content=\"https:\/\/cooperation-locale.fr\/wp-content\/uploads\/2026\/03\/Logo-LinkedIn.png\" \/>\n<meta name=\"twitter:card\" content=\"summary_large_image\" \/>\n<meta name=\"twitter:label1\" content=\"Est. reading time\" \/>\n\t<meta name=\"twitter:data1\" content=\"1 minute\" \/>\n<script type=\"application\/ld+json\" class=\"yoast-schema-graph\">{\"@context\":\"https:\/\/schema.org\",\"@graph\":[{\"@type\":\"WebPage\",\"@id\":\"https:\/\/cooperation-locale.fr\/index.php\/contactez-nous\/\",\"url\":\"https:\/\/cooperation-locale.fr\/index.php\/contactez-nous\/\",\"name\":\"Contactez-nous - Coop\u00e9ration Locale\",\"isPartOf\":{\"@id\":\"https:\/\/cooperation-locale.fr\/#website\"},\"primaryImageOfPage\":{\"@id\":\"https:\/\/cooperation-locale.fr\/index.php\/contactez-nous\/#primaryimage\"},\"image\":{\"@id\":\"https:\/\/cooperation-locale.fr\/index.php\/contactez-nous\/#primaryimage\"},\"thumbnailUrl\":\"https:\/\/cooperation-locale.fr\/wp-content\/uploads\/2026\/03\/Logo-LinkedIn.png\",\"datePublished\":\"2026-01-28T19:19:52+00:00\",\"dateModified\":\"2026-03-06T20:54:44+00:00\",\"description\":\"Envie de grandir dans vos pratiques. Besoin de sortir de la solitude. Contactez notre r\u00e9seau pour vous accompagner\",\"breadcrumb\":{\"@id\":\"https:\/\/cooperation-locale.fr\/index.php\/contactez-nous\/#breadcrumb\"},\"inLanguage\":\"en-US\",\"potentialAction\":[{\"@type\":\"ReadAction\",\"target\":[\"https:\/\/cooperation-locale.fr\/index.php\/contactez-nous\/\"]}]},{\"@type\":\"ImageObject\",\"inLanguage\":\"en-US\",\"@id\":\"https:\/\/cooperation-locale.fr\/index.php\/contactez-nous\/#primaryimage\",\"url\":\"https:\/\/cooperation-locale.fr\/wp-content\/uploads\/2026\/03\/Logo-LinkedIn.png\",\"contentUrl\":\"https:\/\/cooperation-locale.fr\/wp-content\/uploads\/2026\/03\/Logo-LinkedIn.png\",\"width\":1024,\"height\":1024},{\"@type\":\"BreadcrumbList\",\"@id\":\"https:\/\/cooperation-locale.fr\/index.php\/contactez-nous\/#breadcrumb\",\"itemListElement\":[{\"@type\":\"ListItem\",\"position\":1,\"name\":\"Home\",\"item\":\"https:\/\/cooperation-locale.fr\/\"},{\"@type\":\"ListItem\",\"position\":2,\"name\":\"Contactez-nous\"}]},{\"@type\":\"WebSite\",\"@id\":\"https:\/\/cooperation-locale.fr\/#website\",\"url\":\"https:\/\/cooperation-locale.fr\/\",\"name\":\"Coop\u00e9ration-Locale\",\"description\":\"Un r\u00e9seau apprenant pour les ind\u00e9pendants cr\u00e9\u00e9 par des ind\u00e9pendants\",\"publisher\":{\"@id\":\"https:\/\/cooperation-locale.fr\/#organization\"},\"alternateName\":\"Coop\u00e9ration Locale\",\"potentialAction\":[{\"@type\":\"SearchAction\",\"target\":{\"@type\":\"EntryPoint\",\"urlTemplate\":\"https:\/\/cooperation-locale.fr\/?s={search_term_string}\"},\"query-input\":{\"@type\":\"PropertyValueSpecification\",\"valueRequired\":true,\"valueName\":\"search_term_string\"}}],\"inLanguage\":\"en-US\"},{\"@type\":\"Organization\",\"@id\":\"https:\/\/cooperation-locale.fr\/#organization\",\"name\":\"Coop\u00e9ration Locale\",\"alternateName\":\"Coop\u00e9ration Locale\",\"url\":\"https:\/\/cooperation-locale.fr\/\",\"logo\":{\"@type\":\"ImageObject\",\"inLanguage\":\"en-US\",\"@id\":\"https:\/\/cooperation-locale.fr\/#\/schema\/logo\/image\/\",\"url\":\"https:\/\/cooperation-locale.fr\/wp-content\/uploads\/2026\/02\/cropped-Logo-Cooperation-Locale.png\",\"contentUrl\":\"https:\/\/cooperation-locale.fr\/wp-content\/uploads\/2026\/02\/cropped-Logo-Cooperation-Locale.png\",\"width\":1024,\"height\":608,\"caption\":\"Coop\u00e9ration Locale\"},\"image\":{\"@id\":\"https:\/\/cooperation-locale.fr\/#\/schema\/logo\/image\/\"},\"sameAs\":[\"https:\/\/www.facebook.com\/profile.php?id=61587758434285\",\"https:\/\/www.linkedin.com\/company\/cooperation-locale\/?viewAsMember=true\"]}]}<\/script>\n<!-- \/ Yoast SEO plugin. -->","yoast_head_json":{"title":"Contactez-nous - Coop\u00e9ration Locale","description":"Envie de grandir dans vos pratiques. Besoin de sortir de la solitude. Contactez notre r\u00e9seau pour vous accompagner","robots":{"index":"index","follow":"follow","max-snippet":"max-snippet:-1","max-image-preview":"max-image-preview:large","max-video-preview":"max-video-preview:-1"},"canonical":"https:\/\/cooperation-locale.fr\/index.php\/contactez-nous\/","og_locale":"en_US","og_type":"article","og_title":"Contactez-nous - Coop\u00e9ration Locale","og_description":"Envie de grandir dans vos pratiques. Besoin de sortir de la solitude. Contactez notre r\u00e9seau pour vous accompagner","og_url":"https:\/\/cooperation-locale.fr\/index.php\/contactez-nous\/","og_site_name":"Coop\u00e9ration Locale","article_publisher":"https:\/\/www.facebook.com\/profile.php?id=61587758434285","article_modified_time":"2026-03-06T20:54:44+00:00","og_image":[{"url":"https:\/\/cooperation-locale.fr\/wp-content\/uploads\/2026\/03\/Logo-LinkedIn.png","type":"","width":"","height":""}],"twitter_card":"summary_large_image","twitter_misc":{"Est. reading time":"1 minute"},"schema":{"@context":"https:\/\/schema.org","@graph":[{"@type":"WebPage","@id":"https:\/\/cooperation-locale.fr\/index.php\/contactez-nous\/","url":"https:\/\/cooperation-locale.fr\/index.php\/contactez-nous\/","name":"Contactez-nous - Coop\u00e9ration Locale","isPartOf":{"@id":"https:\/\/cooperation-locale.fr\/#website"},"primaryImageOfPage":{"@id":"https:\/\/cooperation-locale.fr\/index.php\/contactez-nous\/#primaryimage"},"image":{"@id":"https:\/\/cooperation-locale.fr\/index.php\/contactez-nous\/#primaryimage"},"thumbnailUrl":"https:\/\/cooperation-locale.fr\/wp-content\/uploads\/2026\/03\/Logo-LinkedIn.png","datePublished":"2026-01-28T19:19:52+00:00","dateModified":"2026-03-06T20:54:44+00:00","description":"Envie de grandir dans vos pratiques. Besoin de sortir de la solitude. Contactez notre r\u00e9seau pour vous accompagner","breadcrumb":{"@id":"https:\/\/cooperation-locale.fr\/index.php\/contactez-nous\/#breadcrumb"},"inLanguage":"en-US","potentialAction":[{"@type":"ReadAction","target":["https:\/\/cooperation-locale.fr\/index.php\/contactez-nous\/"]}]},{"@type":"ImageObject","inLanguage":"en-US","@id":"https:\/\/cooperation-locale.fr\/index.php\/contactez-nous\/#primaryimage","url":"https:\/\/cooperation-locale.fr\/wp-content\/uploads\/2026\/03\/Logo-LinkedIn.png","contentUrl":"https:\/\/cooperation-locale.fr\/wp-content\/uploads\/2026\/03\/Logo-LinkedIn.png","width":1024,"height":1024},{"@type":"BreadcrumbList","@id":"https:\/\/cooperation-locale.fr\/index.php\/contactez-nous\/#breadcrumb","itemListElement":[{"@type":"ListItem","position":1,"name":"Home","item":"https:\/\/cooperation-locale.fr\/"},{"@type":"ListItem","position":2,"name":"Contactez-nous"}]},{"@type":"WebSite","@id":"https:\/\/cooperation-locale.fr\/#website","url":"https:\/\/cooperation-locale.fr\/","name":"Coop\u00e9ration-Locale","description":"Un r\u00e9seau apprenant pour les ind\u00e9pendants cr\u00e9\u00e9 par des ind\u00e9pendants","publisher":{"@id":"https:\/\/cooperation-locale.fr\/#organization"},"alternateName":"Coop\u00e9ration Locale","potentialAction":[{"@type":"SearchAction","target":{"@type":"EntryPoint","urlTemplate":"https:\/\/cooperation-locale.fr\/?s={search_term_string}"},"query-input":{"@type":"PropertyValueSpecification","valueRequired":true,"valueName":"search_term_string"}}],"inLanguage":"en-US"},{"@type":"Organization","@id":"https:\/\/cooperation-locale.fr\/#organization","name":"Coop\u00e9ration Locale","alternateName":"Coop\u00e9ration Locale","url":"https:\/\/cooperation-locale.fr\/","logo":{"@type":"ImageObject","inLanguage":"en-US","@id":"https:\/\/cooperation-locale.fr\/#\/schema\/logo\/image\/","url":"https:\/\/cooperation-locale.fr\/wp-content\/uploads\/2026\/02\/cropped-Logo-Cooperation-Locale.png","contentUrl":"https:\/\/cooperation-locale.fr\/wp-content\/uploads\/2026\/02\/cropped-Logo-Cooperation-Locale.png","width":1024,"height":608,"caption":"Coop\u00e9ration Locale"},"image":{"@id":"https:\/\/cooperation-locale.fr\/#\/schema\/logo\/image\/"},"sameAs":["https:\/\/www.facebook.com\/profile.php?id=61587758434285","https:\/\/www.linkedin.com\/company\/cooperation-locale\/?viewAsMember=true"]}]}},"uagb_featured_image_src":{"full":false,"thumbnail":false,"medium":false,"medium_large":false,"large":false,"1536x1536":false,"2048x2048":false},"uagb_author_info":{"display_name":"Fr\u00e9d\u00e9rique","author_link":"https:\/\/cooperation-locale.fr\/index.php\/author\/admin5737\/"},"uagb_comment_info":0,"uagb_excerpt":null,"_links":{"self":[{"href":"https:\/\/cooperation-locale.fr\/index.php\/wp-json\/wp\/v2\/pages\/94","targetHints":{"allow":["GET"]}}],"collection":[{"href":"https:\/\/cooperation-locale.fr\/index.php\/wp-json\/wp\/v2\/pages"}],"about":[{"href":"https:\/\/cooperation-locale.fr\/index.php\/wp-json\/wp\/v2\/types\/page"}],"author":[{"embeddable":true,"href":"https:\/\/cooperation-locale.fr\/index.php\/wp-json\/wp\/v2\/users\/1"}],"replies":[{"embeddable":true,"href":"https:\/\/cooperation-locale.fr\/index.php\/wp-json\/wp\/v2\/comments?post=94"}],"version-history":[{"count":16,"href":"https:\/\/cooperation-locale.fr\/index.php\/wp-json\/wp\/v2\/pages\/94\/revisions"}],"predecessor-version":[{"id":899,"href":"https:\/\/cooperation-locale.fr\/index.php\/wp-json\/wp\/v2\/pages\/94\/revisions\/899"}],"wp:attachment":[{"href":"https:\/\/cooperation-locale.fr\/index.php\/wp-json\/wp\/v2\/media?parent=94"}],"curies":[{"name":"wp","href":"https:\/\/api.w.org\/{rel}","templated":true}]}}