{"id":705,"date":"2026-03-01T14:04:02","date_gmt":"2026-03-01T14:04:02","guid":{"rendered":"https:\/\/cooperation-locale.fr\/?page_id=705"},"modified":"2026-03-06T21:09:11","modified_gmt":"2026-03-06T21:09:11","slug":"reseau-dindependants-et-entreprises-en-pays-de-retz","status":"publish","type":"page","link":"https:\/\/cooperation-locale.fr\/index.php\/reseau-dindependants-et-entreprises-en-pays-de-retz\/","title":{"rendered":"R\u00e9seau d&#8217;ind\u00e9pendants et entreprises en Pays de Retz : recr\u00e9er du collectif localement"},"content":{"rendered":"\n<p><\/p>\n\n\n\n<div class=\"wp-block-uagb-container uagb-block-d8747118 alignfull uagb-is-root-container\"><div class=\"uagb-container-inner-blocks-wrap\"><h2 style=\"margin-top:var(--wp--preset--spacing--40);margin-bottom:var(--wp--preset--spacing--40);\" class=\"has-text-align-center wp-block-post-title has-large-font-size\">R\u00e9seau d&#8217;ind\u00e9pendants et entreprises en Pays de Retz : recr\u00e9er du collectif localement<\/h2>\n\n\n<p><\/p>\n\n\n\n<p class=\"has-text-align-center\"><font dir=\"auto\" style=\"vertical-align: inherit;\"><font dir=\"auto\" style=\"vertical-align: inherit;\">Le nombre d&#8217;ind\u00e9pendants explose en France et en Loire-Atlantique.<\/font><\/font><\/p>\n\n\n\n<p class=\"has-text-align-center\">Consultants, coachs, formateurs, experts m\u00e9tiers, managers de transition : de plus en plus de professionnels choisissent la libert\u00e9.<\/p>\n\n\n\n<p class=\"has-text-align-center\">Mais une question demeure :<\/p>\n\n\n\n<p class=\"has-text-align-center\">Comment transformer cette dynamique individuelle en force collective localement ancr\u00e9e ?<\/p>\n\n\n\n<hr class=\"wp-block-separator has-alpha-channel-opacity\"\/>\n\n\n\n<h2 class=\"wp-block-heading has-text-align-center has-medium-font-size\"><strong><font dir=\"auto\" style=\"vertical-align: inherit;\"><font dir=\"auto\" style=\"vertical-align: inherit;\">L&#8217;essor des ind\u00e9pendants en Loire-Atlantique<\/font><\/font><\/strong><\/h2>\n\n\n\n<p class=\"has-text-align-center\"><font dir=\"auto\" style=\"vertical-align: inherit;\"><font dir=\"auto\" style=\"vertical-align: inherit;\">Chaque ann\u00e9e, pr\u00e8s d&#8217;un million d&#8217;entreprises sont cr\u00e9\u00e9es en France, dont une majorit\u00e9 sous le r\u00e9gime de la micro-entreprise.<\/font><\/font><\/p>\n\n\n\n<p class=\"has-text-align-center\">En Pays de Retz, Pornic Agglo, Sud Estuaire, Sud Retz Atlantique et Grand Lieu Communaut\u00e9, cette tendance est visible :<\/p>\n\n\n\n<p class=\"has-text-align-center\"><font dir=\"auto\" style=\"vertical-align: inherit;\"><font dir=\"auto\" style=\"vertical-align: inherit;\">Des experts install\u00e9s localement<\/font><\/font><br>Anciens cadres devenus ind\u00e9pendants<br>Comp\u00e9tences de haut niveau disponibles sur le territoire<\/p>\n\n\n\n<p class=\"has-text-align-center\">Le potentiel est r\u00e9el. Les ind\u00e9pendants repr\u00e9sentent plusieurs centaines de personnes.<\/p>\n\n\n\n<hr class=\"wp-block-separator has-alpha-channel-opacity\"\/>\n\n\n\n<h2 class=\"wp-block-heading has-text-align-center has-medium-font-size\"><strong>Ind\u00e9pendants et entreprises locales : un lien encore insuffisant<\/strong><\/h2>\n\n\n\n<p class=\"has-text-align-center\">Les entreprises locales recherchent :<\/p>\n\n\n\n<p class=\"has-text-align-center\">Des expertises sp\u00e9cialis\u00e9es<br>De la flexibilit\u00e9<br>Des partenaires de confiance<br>Des comp\u00e9tences proches g\u00e9ographiquement<\/p>\n\n\n\n<p class=\"has-text-align-center\"><font dir=\"auto\" style=\"vertical-align: inherit;\"><font dir=\"auto\" style=\"vertical-align: inherit;\">Pourtant, les ind\u00e9pendants et les entreprises du territoire se connaissent peu.<\/font><\/font><\/p>\n\n\n\n<p class=\"has-text-align-center\"><font dir=\"auto\" style=\"vertical-align: inherit;\"><font dir=\"auto\" style=\"vertical-align: inherit;\">Les talents existent. <\/font><\/font><br><font dir=\"auto\" style=\"vertical-align: inherit;\"><font dir=\"auto\" style=\"vertical-align: inherit;\">Les besoins aussi. <\/font><\/font><br><font dir=\"auto\" style=\"vertical-align: inherit;\"><font dir=\"auto\" style=\"vertical-align: inherit;\">Mais le lien reste fragile.<\/font><\/font><\/p>\n\n\n\n<hr class=\"wp-block-separator has-alpha-channel-opacity\"\/>\n\n\n\n<h2 class=\"wp-block-heading has-text-align-center has-medium-font-size\"><strong><font dir=\"auto\" style=\"vertical-align: inherit;\"><font dir=\"auto\" style=\"vertical-align: inherit;\">Pourquoi structurer un r\u00e9seau d&#8217;ind\u00e9pendants en Pays de Retz ?<\/font><\/font><\/strong><\/h2>\n\n\n\n<p class=\"has-text-align-center\"><font dir=\"auto\" style=\"vertical-align: inherit;\"><font dir=\"auto\" style=\"vertical-align: inherit;\">Cr\u00e9er un r\u00e9seau d&#8217;ind\u00e9pendants local permet de :<\/font><\/font><\/p>\n\n\n\n<p class=\"has-text-align-center\"><font dir=\"auto\" style=\"vertical-align: inherit;\"><font dir=\"auto\" style=\"vertical-align: inherit;\">Rompre l&#8217;isolement professionnel<\/font><\/font><br>Favoriser l\u2019apprentissage entre pairs<br>D\u00e9velopper une force collective<br>Renforcer la visibilit\u00e9 des experts locaux<br>Maintenir la valeur \u00e9conomique sur le territoire<br>Limiter les d\u00e9placements et l\u2019empreinte carbone<br>C\u2019est un enjeu \u00e9conomique et territorial.<\/p>\n\n\n\n<hr class=\"wp-block-separator has-alpha-channel-opacity\"\/>\n\n\n\n<h2 class=\"wp-block-heading has-text-align-center has-medium-font-size\"><strong>Coop\u00e9ration Locale : rendre les experts visibles sur leur territoire<\/strong><\/h2>\n\n\n\n<p class=\"has-text-align-center\"><font dir=\"auto\" style=\"vertical-align: inherit;\"><font dir=\"auto\" style=\"vertical-align: inherit;\">La Coop\u00e9ration Locale est un r\u00e9seau d&#8217;apprenants ind\u00e9pendants en Loire-Atlantique. <\/font><\/font><br><font dir=\"auto\" style=\"vertical-align: inherit;\"><font dir=\"auto\" style=\"vertical-align: inherit;\">Ce n&#8217;est pas un r\u00e9seau business. C&#8217;est bien un r\u00e9seau apprenant. Mais dans notre parcours annuel, nous organisons des moments de mises en relation entre les ind\u00e9pendants et les entreprises.<\/font><\/font><\/p>\n\n\n\n<p class=\"has-text-align-center\"><br><font dir=\"auto\" style=\"vertical-align: inherit;\"><font dir=\"auto\" style=\"vertical-align: inherit;\">Notre ambition est de rendre les experts visibles des entreprises et r\u00e9ciproquement. <\/font><\/font><br><font dir=\"auto\" style=\"vertical-align: inherit;\"><font dir=\"auto\" style=\"vertical-align: inherit;\">Notre parcours int\u00e8gre des temps d&#8217;atelier coop\u00e9ratif o\u00f9 entreprises et ind\u00e9pendants travaillent ensemble.<\/font><\/font><\/p>\n\n\n\n<p class=\"has-text-align-center\"><font dir=\"auto\" style=\"vertical-align: inherit;\"><font dir=\"auto\" style=\"vertical-align: inherit;\">Ainsi nous facilitons les coop\u00e9rations territoriales et renfor\u00e7ons l&#8217;\u00e9conomie locale du Pays de Retz.<\/font><\/font><\/p>\n\n\n\n<h3 class=\"wp-block-heading has-text-align-center has-medium-font-size\"><strong>Vous \u00eates ind\u00e9pendant en Loire-Atlantique ?<\/strong><\/h3>\n\n\n\n<p class=\"has-text-align-center\">Rejoignez un collectif structur\u00e9 pour d\u00e9velopper votre activit\u00e9 localement.<\/p>\n\n\n\n<div class=\"wp-block-uagb-image aligncenter uagb-block-0e0c24cf wp-block-uagb-image--layout-default wp-block-uagb-image--effect-static wp-block-uagb-image--align-center\"><figure class=\"wp-block-uagb-image__figure\"><a class=\"\" href=\"https:\/\/cooperation-locale.fr\/index.php\/nos-groupes-apprenants-sur-le-territoire\/\" target=\"\" rel=\"noopener\"><img loading=\"lazy\" decoding=\"async\" srcset=\"https:\/\/cooperation-locale.fr\/wp-content\/uploads\/2026\/03\/Cliquer-ici.png ,https:\/\/cooperation-locale.fr\/wp-content\/uploads\/2026\/03\/Cliquer-ici.png 780w, https:\/\/cooperation-locale.fr\/wp-content\/uploads\/2026\/03\/Cliquer-ici.png 360w\" sizes=\"auto, (max-width: 480px) 150px\" src=\"https:\/\/cooperation-locale.fr\/wp-content\/uploads\/2026\/03\/Cliquer-ici.png\" alt=\"\" class=\"uag-image-718\" width=\"128\" height=\"128\" title=\"Cliquer ici\" loading=\"lazy\" role=\"img\"\/><\/a><\/figure><\/div>\n\n\n\n<h3 class=\"wp-block-heading has-text-align-center has-medium-font-size\"><strong>Vous \u00eates une entreprise du territoire ?<\/strong><\/h3>\n\n\n\n<p class=\"has-text-align-center\"><font dir=\"auto\" style=\"vertical-align: inherit;\"><font dir=\"auto\" style=\"vertical-align: inherit;\">Rencontrez des expertises locales qualifi\u00e9es et engag\u00e9es.<\/font><\/font><\/p>\n\n\n\n<div class=\"wp-block-uagb-image aligncenter uagb-block-91726b7c wp-block-uagb-image--layout-default wp-block-uagb-image--effect-static wp-block-uagb-image--align-center\"><figure class=\"wp-block-uagb-image__figure\"><a class=\"\" href=\"https:\/\/cooperation-locale.fr\/index.php\/cooperation-locale-pour-les-entreprises\/\" target=\"\" rel=\"noopener\"><img loading=\"lazy\" decoding=\"async\" srcset=\"https:\/\/cooperation-locale.fr\/wp-content\/uploads\/2026\/03\/Cliquer-ici.png ,https:\/\/cooperation-locale.fr\/wp-content\/uploads\/2026\/03\/Cliquer-ici.png 780w, https:\/\/cooperation-locale.fr\/wp-content\/uploads\/2026\/03\/Cliquer-ici.png 360w\" sizes=\"auto, (max-width: 480px) 150px\" src=\"https:\/\/cooperation-locale.fr\/wp-content\/uploads\/2026\/03\/Cliquer-ici.png\" alt=\"\" class=\"uag-image-718\" width=\"128\" height=\"128\" title=\"Cliquer ici\" loading=\"lazy\" role=\"img\"\/><\/a><\/figure><\/div>\n\n\n\n<hr class=\"wp-block-separator has-alpha-channel-opacity\"\/>\n\n\n\n<h2 class=\"wp-block-heading has-text-align-center has-medium-font-size\"><strong>Construire une \u00e9conomie locale plus robuste<\/strong><\/h2>\n\n\n\n<p class=\"has-text-align-center\">Dans un contexte de transition \u00e9cologique et de recherche de souverainet\u00e9 \u00e9conomique, travailler avec des experts locaux devient strat\u00e9gique.<\/p>\n\n\n\n<p class=\"has-text-align-center\"><font dir=\"auto\" style=\"vertical-align: inherit;\"><font dir=\"auto\" style=\"vertical-align: inherit;\">La Coop\u00e9ration Locale contribue \u00e0 :<\/font><\/font><\/p>\n\n\n\n<p class=\"has-text-align-center\">Renforcer les comp\u00e9tences du territoire<br>Cr\u00e9er des coop\u00e9rations durables<br>Soutenir l\u2019\u00e9conomie locale<\/p>\n\n\n\n<p class=\"has-text-align-center\"><\/p>\n\n\n\n<p><\/p>\n<\/div><\/div>\n\n\n\n<div class=\"wp-block-buttons is-content-justification-center is-layout-flex wp-container-core-buttons-is-layout-a89b3969 wp-block-buttons-is-layout-flex\">\n<div class=\"wp-block-button\"><a class=\"wp-block-button__link wp-element-button\" href=\"https:\/\/cooperation-locale.fr\/index.php\/contactez-nous\/\">Plus d&#8217;informations<\/a><\/div>\n<\/div>\n","protected":false},"excerpt":{"rendered":"<p>Le nombre d&#8217;ind\u00e9pendants explose en France et en Loire-Atlantique. Consultants, coachs, formateurs, experts m\u00e9tiers, managers de transition : de plus [&hellip;]<\/p>\n","protected":false},"author":1,"featured_media":0,"parent":0,"menu_order":0,"comment_status":"closed","ping_status":"closed","template":"","meta":{"_uag_custom_page_level_css":"","site-sidebar-layout":"default","site-content-layout":"","ast-site-content-layout":"default","site-content-style":"default","site-sidebar-style":"default","ast-global-header-display":"","ast-banner-title-visibility":"","ast-main-header-display":"","ast-hfb-above-header-display":"","ast-hfb-below-header-display":"","ast-hfb-mobile-header-display":"","site-post-title":"disabled","ast-breadcrumbs-content":"","ast-featured-img":"","footer-sml-layout":"","ast-disable-related-posts":"","theme-transparent-header-meta":"","adv-header-id-meta":"","stick-header-meta":"","header-above-stick-meta":"","header-main-stick-meta":"","header-below-stick-meta":"","astra-migrate-meta-layouts":"default","ast-page-background-enabled":"default","ast-page-background-meta":{"desktop":{"background-color":"var(--ast-global-color-5)","background-image":"","background-repeat":"repeat","background-position":"center center","background-size":"auto","background-attachment":"scroll","background-type":"","background-media":"","overlay-type":"","overlay-color":"","overlay-opacity":"","overlay-gradient":""},"tablet":{"background-color":"","background-image":"","background-repeat":"repeat","background-position":"center center","background-size":"auto","background-attachment":"scroll","background-type":"","background-media":"","overlay-type":"","overlay-color":"","overlay-opacity":"","overlay-gradient":""},"mobile":{"background-color":"","background-image":"","background-repeat":"repeat","background-position":"center center","background-size":"auto","background-attachment":"scroll","background-type":"","background-media":"","overlay-type":"","overlay-color":"","overlay-opacity":"","overlay-gradient":""}},"ast-content-background-meta":{"desktop":{"background-color":"var(--ast-global-color-4)","background-image":"","background-repeat":"repeat","background-position":"center center","background-size":"auto","background-attachment":"scroll","background-type":"","background-media":"","overlay-type":"","overlay-color":"","overlay-opacity":"","overlay-gradient":""},"tablet":{"background-color":"var(--ast-global-color-4)","background-image":"","background-repeat":"repeat","background-position":"center center","background-size":"auto","background-attachment":"scroll","background-type":"","background-media":"","overlay-type":"","overlay-color":"","overlay-opacity":"","overlay-gradient":""},"mobile":{"background-color":"var(--ast-global-color-4)","background-image":"","background-repeat":"repeat","background-position":"center center","background-size":"auto","background-attachment":"scroll","background-type":"","background-media":"","overlay-type":"","overlay-color":"","overlay-opacity":"","overlay-gradient":""}},"footnotes":""},"class_list":["post-705","page","type-page","status-publish","hentry"],"yoast_head":"<!-- This site is optimized with the Yoast SEO plugin v27.1.1 - https:\/\/yoast.com\/product\/yoast-seo-wordpress\/ -->\n<title>R\u00e9seau d&#039;ind\u00e9pendants et entreprises en Pays de Retz : recr\u00e9er du collectif localement - Coop\u00e9ration Locale %<\/title>\n<meta name=\"description\" content=\"R\u00e9seau d&#039;ind\u00e9pendants sur les Pays de Retz, Loire Atlantique pour partager entre pairs, apprendre avec des experts, se connecter en local\" \/>\n<meta name=\"robots\" content=\"index, follow, max-snippet:-1, max-image-preview:large, max-video-preview:-1\" \/>\n<link rel=\"canonical\" href=\"https:\/\/cooperation-locale.fr\/index.php\/reseau-dindependants-et-entreprises-en-pays-de-retz\/\" \/>\n<meta property=\"og:locale\" content=\"en_US\" \/>\n<meta property=\"og:type\" content=\"article\" \/>\n<meta property=\"og:title\" content=\"R\u00e9seau d&#039;ind\u00e9pendants et entreprises en Pays de Retz : recr\u00e9er du collectif localement - Coop\u00e9ration Locale %\" \/>\n<meta property=\"og:description\" content=\"R\u00e9seau d&#039;ind\u00e9pendants sur les Pays de Retz, Loire Atlantique pour partager entre pairs, apprendre avec des experts, se connecter en local\" \/>\n<meta property=\"og:url\" content=\"https:\/\/cooperation-locale.fr\/index.php\/reseau-dindependants-et-entreprises-en-pays-de-retz\/\" \/>\n<meta property=\"og:site_name\" content=\"Coop\u00e9ration Locale\" \/>\n<meta property=\"article:publisher\" content=\"https:\/\/www.facebook.com\/profile.php?id=61587758434285\" \/>\n<meta property=\"article:modified_time\" content=\"2026-03-06T21:09:11+00:00\" \/>\n<meta property=\"og:image\" content=\"https:\/\/cooperation-locale.fr\/wp-content\/uploads\/2026\/03\/Cliquer-ici.png\" \/>\n<meta name=\"twitter:card\" content=\"summary_large_image\" \/>\n<meta name=\"twitter:label1\" content=\"Est. reading time\" \/>\n\t<meta name=\"twitter:data1\" content=\"3 minutes\" \/>\n<script type=\"application\/ld+json\" class=\"yoast-schema-graph\">{\"@context\":\"https:\/\/schema.org\",\"@graph\":[{\"@type\":\"WebPage\",\"@id\":\"https:\/\/cooperation-locale.fr\/index.php\/reseau-dindependants-et-entreprises-en-pays-de-retz\/\",\"url\":\"https:\/\/cooperation-locale.fr\/index.php\/reseau-dindependants-et-entreprises-en-pays-de-retz\/\",\"name\":\"R\u00e9seau d'ind\u00e9pendants et entreprises en Pays de Retz : recr\u00e9er du collectif localement - Coop\u00e9ration Locale %\",\"isPartOf\":{\"@id\":\"https:\/\/cooperation-locale.fr\/#website\"},\"primaryImageOfPage\":{\"@id\":\"https:\/\/cooperation-locale.fr\/index.php\/reseau-dindependants-et-entreprises-en-pays-de-retz\/#primaryimage\"},\"image\":{\"@id\":\"https:\/\/cooperation-locale.fr\/index.php\/reseau-dindependants-et-entreprises-en-pays-de-retz\/#primaryimage\"},\"thumbnailUrl\":\"https:\/\/cooperation-locale.fr\/wp-content\/uploads\/2026\/03\/Cliquer-ici.png\",\"datePublished\":\"2026-03-01T14:04:02+00:00\",\"dateModified\":\"2026-03-06T21:09:11+00:00\",\"description\":\"R\u00e9seau d'ind\u00e9pendants sur les Pays de Retz, Loire Atlantique pour partager entre pairs, apprendre avec des experts, se connecter en local\",\"breadcrumb\":{\"@id\":\"https:\/\/cooperation-locale.fr\/index.php\/reseau-dindependants-et-entreprises-en-pays-de-retz\/#breadcrumb\"},\"inLanguage\":\"en-US\",\"potentialAction\":[{\"@type\":\"ReadAction\",\"target\":[\"https:\/\/cooperation-locale.fr\/index.php\/reseau-dindependants-et-entreprises-en-pays-de-retz\/\"]}]},{\"@type\":\"ImageObject\",\"inLanguage\":\"en-US\",\"@id\":\"https:\/\/cooperation-locale.fr\/index.php\/reseau-dindependants-et-entreprises-en-pays-de-retz\/#primaryimage\",\"url\":\"https:\/\/cooperation-locale.fr\/wp-content\/uploads\/2026\/03\/Cliquer-ici.png\",\"contentUrl\":\"https:\/\/cooperation-locale.fr\/wp-content\/uploads\/2026\/03\/Cliquer-ici.png\",\"width\":1024,\"height\":1024},{\"@type\":\"BreadcrumbList\",\"@id\":\"https:\/\/cooperation-locale.fr\/index.php\/reseau-dindependants-et-entreprises-en-pays-de-retz\/#breadcrumb\",\"itemListElement\":[{\"@type\":\"ListItem\",\"position\":1,\"name\":\"Home\",\"item\":\"https:\/\/cooperation-locale.fr\/\"},{\"@type\":\"ListItem\",\"position\":2,\"name\":\"R\u00e9seau d&#8217;ind\u00e9pendants et entreprises en Pays de Retz : recr\u00e9er du collectif localement\"}]},{\"@type\":\"WebSite\",\"@id\":\"https:\/\/cooperation-locale.fr\/#website\",\"url\":\"https:\/\/cooperation-locale.fr\/\",\"name\":\"Coop\u00e9ration-Locale\",\"description\":\"Un r\u00e9seau apprenant pour les ind\u00e9pendants cr\u00e9\u00e9 par des ind\u00e9pendants\",\"publisher\":{\"@id\":\"https:\/\/cooperation-locale.fr\/#organization\"},\"alternateName\":\"Coop\u00e9ration Locale\",\"potentialAction\":[{\"@type\":\"SearchAction\",\"target\":{\"@type\":\"EntryPoint\",\"urlTemplate\":\"https:\/\/cooperation-locale.fr\/?s={search_term_string}\"},\"query-input\":{\"@type\":\"PropertyValueSpecification\",\"valueRequired\":true,\"valueName\":\"search_term_string\"}}],\"inLanguage\":\"en-US\"},{\"@type\":\"Organization\",\"@id\":\"https:\/\/cooperation-locale.fr\/#organization\",\"name\":\"Coop\u00e9ration Locale\",\"alternateName\":\"Coop\u00e9ration Locale\",\"url\":\"https:\/\/cooperation-locale.fr\/\",\"logo\":{\"@type\":\"ImageObject\",\"inLanguage\":\"en-US\",\"@id\":\"https:\/\/cooperation-locale.fr\/#\/schema\/logo\/image\/\",\"url\":\"https:\/\/cooperation-locale.fr\/wp-content\/uploads\/2026\/02\/cropped-Logo-Cooperation-Locale.png\",\"contentUrl\":\"https:\/\/cooperation-locale.fr\/wp-content\/uploads\/2026\/02\/cropped-Logo-Cooperation-Locale.png\",\"width\":1024,\"height\":608,\"caption\":\"Coop\u00e9ration Locale\"},\"image\":{\"@id\":\"https:\/\/cooperation-locale.fr\/#\/schema\/logo\/image\/\"},\"sameAs\":[\"https:\/\/www.facebook.com\/profile.php?id=61587758434285\",\"https:\/\/www.linkedin.com\/company\/cooperation-locale\/?viewAsMember=true\"]}]}<\/script>\n<!-- \/ Yoast SEO plugin. -->","yoast_head_json":{"title":"R\u00e9seau d'ind\u00e9pendants et entreprises en Pays de Retz : recr\u00e9er du collectif localement - Coop\u00e9ration Locale %","description":"R\u00e9seau d'ind\u00e9pendants sur les Pays de Retz, Loire Atlantique pour partager entre pairs, apprendre avec des experts, se connecter en local","robots":{"index":"index","follow":"follow","max-snippet":"max-snippet:-1","max-image-preview":"max-image-preview:large","max-video-preview":"max-video-preview:-1"},"canonical":"https:\/\/cooperation-locale.fr\/index.php\/reseau-dindependants-et-entreprises-en-pays-de-retz\/","og_locale":"en_US","og_type":"article","og_title":"R\u00e9seau d'ind\u00e9pendants et entreprises en Pays de Retz : recr\u00e9er du collectif localement - Coop\u00e9ration Locale %","og_description":"R\u00e9seau d'ind\u00e9pendants sur les Pays de Retz, Loire Atlantique pour partager entre pairs, apprendre avec des experts, se connecter en local","og_url":"https:\/\/cooperation-locale.fr\/index.php\/reseau-dindependants-et-entreprises-en-pays-de-retz\/","og_site_name":"Coop\u00e9ration Locale","article_publisher":"https:\/\/www.facebook.com\/profile.php?id=61587758434285","article_modified_time":"2026-03-06T21:09:11+00:00","og_image":[{"url":"https:\/\/cooperation-locale.fr\/wp-content\/uploads\/2026\/03\/Cliquer-ici.png","type":"","width":"","height":""}],"twitter_card":"summary_large_image","twitter_misc":{"Est. reading time":"3 minutes"},"schema":{"@context":"https:\/\/schema.org","@graph":[{"@type":"WebPage","@id":"https:\/\/cooperation-locale.fr\/index.php\/reseau-dindependants-et-entreprises-en-pays-de-retz\/","url":"https:\/\/cooperation-locale.fr\/index.php\/reseau-dindependants-et-entreprises-en-pays-de-retz\/","name":"R\u00e9seau d'ind\u00e9pendants et entreprises en Pays de Retz : recr\u00e9er du collectif localement - Coop\u00e9ration Locale %","isPartOf":{"@id":"https:\/\/cooperation-locale.fr\/#website"},"primaryImageOfPage":{"@id":"https:\/\/cooperation-locale.fr\/index.php\/reseau-dindependants-et-entreprises-en-pays-de-retz\/#primaryimage"},"image":{"@id":"https:\/\/cooperation-locale.fr\/index.php\/reseau-dindependants-et-entreprises-en-pays-de-retz\/#primaryimage"},"thumbnailUrl":"https:\/\/cooperation-locale.fr\/wp-content\/uploads\/2026\/03\/Cliquer-ici.png","datePublished":"2026-03-01T14:04:02+00:00","dateModified":"2026-03-06T21:09:11+00:00","description":"R\u00e9seau d'ind\u00e9pendants sur les Pays de Retz, Loire Atlantique pour partager entre pairs, apprendre avec des experts, se connecter en local","breadcrumb":{"@id":"https:\/\/cooperation-locale.fr\/index.php\/reseau-dindependants-et-entreprises-en-pays-de-retz\/#breadcrumb"},"inLanguage":"en-US","potentialAction":[{"@type":"ReadAction","target":["https:\/\/cooperation-locale.fr\/index.php\/reseau-dindependants-et-entreprises-en-pays-de-retz\/"]}]},{"@type":"ImageObject","inLanguage":"en-US","@id":"https:\/\/cooperation-locale.fr\/index.php\/reseau-dindependants-et-entreprises-en-pays-de-retz\/#primaryimage","url":"https:\/\/cooperation-locale.fr\/wp-content\/uploads\/2026\/03\/Cliquer-ici.png","contentUrl":"https:\/\/cooperation-locale.fr\/wp-content\/uploads\/2026\/03\/Cliquer-ici.png","width":1024,"height":1024},{"@type":"BreadcrumbList","@id":"https:\/\/cooperation-locale.fr\/index.php\/reseau-dindependants-et-entreprises-en-pays-de-retz\/#breadcrumb","itemListElement":[{"@type":"ListItem","position":1,"name":"Home","item":"https:\/\/cooperation-locale.fr\/"},{"@type":"ListItem","position":2,"name":"R\u00e9seau d&#8217;ind\u00e9pendants et entreprises en Pays de Retz : recr\u00e9er du collectif localement"}]},{"@type":"WebSite","@id":"https:\/\/cooperation-locale.fr\/#website","url":"https:\/\/cooperation-locale.fr\/","name":"Coop\u00e9ration-Locale","description":"Un r\u00e9seau apprenant pour les ind\u00e9pendants cr\u00e9\u00e9 par des ind\u00e9pendants","publisher":{"@id":"https:\/\/cooperation-locale.fr\/#organization"},"alternateName":"Coop\u00e9ration Locale","potentialAction":[{"@type":"SearchAction","target":{"@type":"EntryPoint","urlTemplate":"https:\/\/cooperation-locale.fr\/?s={search_term_string}"},"query-input":{"@type":"PropertyValueSpecification","valueRequired":true,"valueName":"search_term_string"}}],"inLanguage":"en-US"},{"@type":"Organization","@id":"https:\/\/cooperation-locale.fr\/#organization","name":"Coop\u00e9ration Locale","alternateName":"Coop\u00e9ration Locale","url":"https:\/\/cooperation-locale.fr\/","logo":{"@type":"ImageObject","inLanguage":"en-US","@id":"https:\/\/cooperation-locale.fr\/#\/schema\/logo\/image\/","url":"https:\/\/cooperation-locale.fr\/wp-content\/uploads\/2026\/02\/cropped-Logo-Cooperation-Locale.png","contentUrl":"https:\/\/cooperation-locale.fr\/wp-content\/uploads\/2026\/02\/cropped-Logo-Cooperation-Locale.png","width":1024,"height":608,"caption":"Coop\u00e9ration Locale"},"image":{"@id":"https:\/\/cooperation-locale.fr\/#\/schema\/logo\/image\/"},"sameAs":["https:\/\/www.facebook.com\/profile.php?id=61587758434285","https:\/\/www.linkedin.com\/company\/cooperation-locale\/?viewAsMember=true"]}]}},"uagb_featured_image_src":{"full":false,"thumbnail":false,"medium":false,"medium_large":false,"large":false,"1536x1536":false,"2048x2048":false},"uagb_author_info":{"display_name":"Fr\u00e9d\u00e9rique","author_link":"https:\/\/cooperation-locale.fr\/index.php\/author\/admin5737\/"},"uagb_comment_info":0,"uagb_excerpt":"Le nombre d&#8217;ind\u00e9pendants explose en France et en Loire-Atlantique. Consultants, coachs, formateurs, experts m\u00e9tiers, managers de transition : de plus [&hellip;]","_links":{"self":[{"href":"https:\/\/cooperation-locale.fr\/index.php\/wp-json\/wp\/v2\/pages\/705","targetHints":{"allow":["GET"]}}],"collection":[{"href":"https:\/\/cooperation-locale.fr\/index.php\/wp-json\/wp\/v2\/pages"}],"about":[{"href":"https:\/\/cooperation-locale.fr\/index.php\/wp-json\/wp\/v2\/types\/page"}],"author":[{"embeddable":true,"href":"https:\/\/cooperation-locale.fr\/index.php\/wp-json\/wp\/v2\/users\/1"}],"replies":[{"embeddable":true,"href":"https:\/\/cooperation-locale.fr\/index.php\/wp-json\/wp\/v2\/comments?post=705"}],"version-history":[{"count":19,"href":"https:\/\/cooperation-locale.fr\/index.php\/wp-json\/wp\/v2\/pages\/705\/revisions"}],"predecessor-version":[{"id":735,"href":"https:\/\/cooperation-locale.fr\/index.php\/wp-json\/wp\/v2\/pages\/705\/revisions\/735"}],"wp:attachment":[{"href":"https:\/\/cooperation-locale.fr\/index.php\/wp-json\/wp\/v2\/media?parent=705"}],"curies":[{"name":"wp","href":"https:\/\/api.w.org\/{rel}","templated":true}]}}