{"id":416,"date":"2026-02-26T21:51:52","date_gmt":"2026-02-26T21:51:52","guid":{"rendered":"https:\/\/cooperation-locale.fr\/?page_id=416"},"modified":"2026-03-06T20:55:13","modified_gmt":"2026-03-06T20:55:13","slug":"qui-sommes-nous","status":"publish","type":"page","link":"https:\/\/cooperation-locale.fr\/index.php\/qui-sommes-nous\/","title":{"rendered":"Equipe de COOPERATION LOCALE"},"content":{"rendered":"\n<h2 class=\"wp-block-heading has-text-align-center\"><font dir=\"auto\" style=\"vertical-align: inherit;\"><font dir=\"auto\" style=\"vertical-align: inherit;\">L&#8217;\u00e9quipe de COOP\u00c9RATION LOCALE<\/font><\/font><\/h2>\n\n\n\n<p><\/p>\n\n\n\n<div class=\"wp-block-uagb-container uagb-block-592440a8 alignfull uagb-is-root-container\"><div class=\"uagb-container-inner-blocks-wrap\">\n<div class=\"wp-block-uagb-container uagb-block-3f2ec581\">\n<p><font dir=\"auto\" style=\"vertical-align: inherit;\"><font dir=\"auto\" style=\"vertical-align: inherit;\"><font dir=\"auto\" style=\"vertical-align: inherit;\"><font dir=\"auto\" style=\"vertical-align: inherit;\"><font dir=\"auto\" style=\"vertical-align: inherit;\"><font dir=\"auto\" style=\"vertical-align: inherit;\">Apr\u00e8s 20 ans d&#8217;exp\u00e9rience dans des fonctions de direction commerciale, <\/font><\/font><\/font><\/font><\/font><\/font><strong><font dir=\"auto\" style=\"vertical-align: inherit;\"><font dir=\"auto\" style=\"vertical-align: inherit;\"><font dir=\"auto\" style=\"vertical-align: inherit;\"><font dir=\"auto\" style=\"vertical-align: inherit;\"><font dir=\"auto\" style=\"vertical-align: inherit;\"><font dir=\"auto\" style=\"vertical-align: inherit;\">Fr\u00e9d\u00e9rique<\/font><\/font><\/font><\/font><\/font><\/font><\/strong><font dir=\"auto\" style=\"vertical-align: inherit;\"><font dir=\"auto\" style=\"vertical-align: inherit;\"><font dir=\"auto\" style=\"vertical-align: inherit;\"><font dir=\"auto\" style=\"vertical-align: inherit;\"><font dir=\"auto\" style=\"vertical-align: inherit;\"><font dir=\"auto\" style=\"vertical-align: inherit;\"> a choisi l&#8217;ind\u00e9pendance.<\/font><\/font><\/font><\/font> C&#8217;\u00e9tait il y a 13 ans.<\/font><\/font><\/p>\n\n\n\n<p><font dir=\"auto\" style=\"vertical-align: inherit;\"><font dir=\"auto\" style=\"vertical-align: inherit;\">Elle intervient aujourd&#8217;hui dans les entreprises <\/font><\/font>pour faciliter l&#8217;alignement entre la strat\u00e9gie et les op\u00e9rations.<br>Tant\u00f4t directrice \u00e0 temps partag\u00e9e, tant\u00f4t en accompagnement op\u00e9rationnel, elle s&#8217;appuie<font dir=\"auto\" style=\"vertical-align: inherit;\"><font dir=\"auto\" style=\"vertical-align: inherit;\"> sur la pens\u00e9e syst\u00e9mique, les principes de l&#8217;organisation apprenante et de l&#8217;organisation collaborative.<\/font><\/font><\/p>\n\n\n\n<p>Son moteur : cr\u00e9er des projets collectifs qui permettent \u00e0 chacun de trouver du sens et un v\u00e9ritable espace de r\u00e9alisation, en faisant coexister dynamiques individuelles et dynamiques collectives.<\/p>\n\n\n\n<p><font dir=\"auto\" style=\"vertical-align: inherit;\"><font dir=\"auto\" style=\"vertical-align: inherit;\"><font dir=\"auto\" style=\"vertical-align: inherit;\"><font dir=\"auto\" style=\"vertical-align: inherit;\"><font dir=\"auto\" style=\"vertical-align: inherit;\"><font dir=\"auto\" style=\"vertical-align: inherit;\">Convaincue que l&#8217;isolement freine l&#8217;impact et la progression des ind\u00e9pendants, elle a initi\u00e9 <\/font><\/font><\/font><\/font><\/font><\/font><strong><font dir=\"auto\" style=\"vertical-align: inherit;\"><font dir=\"auto\" style=\"vertical-align: inherit;\"><font dir=\"auto\" style=\"vertical-align: inherit;\"><font dir=\"auto\" style=\"vertical-align: inherit;\"><font dir=\"auto\" style=\"vertical-align: inherit;\"><font dir=\"auto\" style=\"vertical-align: inherit;\">Coop\u00e9ration Locale<\/font><\/font><\/font><\/font><\/font><\/font><\/strong><font dir=\"auto\" style=\"vertical-align: inherit;\"><font dir=\"auto\" style=\"vertical-align: inherit;\"><font dir=\"auto\" style=\"vertical-align: inherit;\"><font dir=\"auto\" style=\"vertical-align: inherit;\"><font dir=\"auto\" style=\"vertical-align: inherit;\"><font dir=\"auto\" style=\"vertical-align: inherit;\"> pour cr\u00e9er des espaces de rencontre, de partage, d&#8217;apprentissage et de soutien sur le territoire.<\/font><\/font><\/font><\/font><\/font><\/font><\/p>\n<\/div>\n\n\n\n<div class=\"wp-block-uagb-container uagb-block-77270e80\">\n<figure class=\"wp-block-image aligncenter size-large is-resized\"><img fetchpriority=\"high\" decoding=\"async\" width=\"720\" height=\"1024\" src=\"https:\/\/cooperation-locale.fr\/wp-content\/uploads\/2026\/02\/Frederique-SORGIATI-fondatrice-720x1024.png\" alt=\"Fr\u00e9d\u00e9rique SORGIATI - Fondatrice\" class=\"wp-image-418\" style=\"width:300px\" srcset=\"https:\/\/cooperation-locale.fr\/wp-content\/uploads\/2026\/02\/Frederique-SORGIATI-fondatrice-720x1024.png 720w, https:\/\/cooperation-locale.fr\/wp-content\/uploads\/2026\/02\/Frederique-SORGIATI-fondatrice-211x300.png 211w, https:\/\/cooperation-locale.fr\/wp-content\/uploads\/2026\/02\/Frederique-SORGIATI-fondatrice-768x1093.png 768w, https:\/\/cooperation-locale.fr\/wp-content\/uploads\/2026\/02\/Frederique-SORGIATI-fondatrice.png 957w\" sizes=\"(max-width: 720px) 100vw, 720px\" \/><\/figure>\n\n\n\n<h1 class=\"wp-block-heading has-text-align-center has-medium-font-size\">Fr\u00e9d\u00e9rique<\/h1>\n<\/div>\n<\/div><\/div>\n\n\n\n\n\n<div class=\"wp-block-columns is-layout-flex wp-container-core-columns-is-layout-28f84493 wp-block-columns-is-layout-flex\">\n<div class=\"wp-block-column has-border-color has-ast-global-color-1-border-color is-layout-flow wp-block-column-is-layout-flow\" style=\"border-style:dashed;flex-basis:100%\">\n<h2 class=\"wp-block-heading has-text-align-center has-medium-font-size\"><strong>Rejoindre l\u2019\u00e9quipe d\u2019animation de Coop\u00e9ration Locale<\/strong><\/h2>\n\n\n\n<p class=\"has-text-align-center\"><br>Vous \u00eates ind\u00e9pendant(e) et vous avez envie de contribuer au d\u00e9veloppement de Coop\u00e9ration Locale sur votre territoire ?<br>Nous constituons actuellement une \u00e9quipe d\u2019animateurs pour accompagner la cr\u00e9ation de nouveaux groupes \u00e0 partir de septembre 2026.<br>Si l\u2019id\u00e9e de faire vivre un r\u00e9seau apprenant entre professionnels ind\u00e9pendants vous parle, n\u2019h\u00e9sitez pas \u00e0 nous faire part de votre candidature<\/p>\n\n\n\n<div class=\"wp-block-buttons is-content-justification-center is-layout-flex wp-container-core-buttons-is-layout-a89b3969 wp-block-buttons-is-layout-flex\">\n<div class=\"wp-block-button\"><a class=\"wp-block-button__link wp-element-button\" href=\"https:\/\/cooperation-locale.fr\/index.php\/contactez-nous\/\">Transmettez-nous votre candidature<\/a><\/div>\n<\/div>\n\n\n\n<p><\/p>\n<\/div>\n<\/div>\n","protected":false},"excerpt":{"rendered":"<p>L&#8217;\u00e9quipe de COOP\u00c9RATION LOCALE Apr\u00e8s 20 ans d&#8217;exp\u00e9rience dans des fonctions de direction commerciale, Fr\u00e9d\u00e9rique a choisi l&#8217;ind\u00e9pendance. C&#8217;\u00e9tait il [&hellip;]<\/p>\n","protected":false},"author":1,"featured_media":0,"parent":0,"menu_order":0,"comment_status":"closed","ping_status":"closed","template":"","meta":{"_uag_custom_page_level_css":"","site-sidebar-layout":"default","site-content-layout":"","ast-site-content-layout":"default","site-content-style":"default","site-sidebar-style":"default","ast-global-header-display":"","ast-banner-title-visibility":"","ast-main-header-display":"","ast-hfb-above-header-display":"","ast-hfb-below-header-display":"","ast-hfb-mobile-header-display":"","site-post-title":"disabled","ast-breadcrumbs-content":"","ast-featured-img":"","footer-sml-layout":"","ast-disable-related-posts":"","theme-transparent-header-meta":"","adv-header-id-meta":"","stick-header-meta":"","header-above-stick-meta":"","header-main-stick-meta":"","header-below-stick-meta":"","astra-migrate-meta-layouts":"default","ast-page-background-enabled":"default","ast-page-background-meta":{"desktop":{"background-color":"var(--ast-global-color-5)","background-image":"","background-repeat":"repeat","background-position":"center center","background-size":"auto","background-attachment":"scroll","background-type":"","background-media":"","overlay-type":"","overlay-color":"","overlay-opacity":"","overlay-gradient":""},"tablet":{"background-color":"","background-image":"","background-repeat":"repeat","background-position":"center center","background-size":"auto","background-attachment":"scroll","background-type":"","background-media":"","overlay-type":"","overlay-color":"","overlay-opacity":"","overlay-gradient":""},"mobile":{"background-color":"","background-image":"","background-repeat":"repeat","background-position":"center center","background-size":"auto","background-attachment":"scroll","background-type":"","background-media":"","overlay-type":"","overlay-color":"","overlay-opacity":"","overlay-gradient":""}},"ast-content-background-meta":{"desktop":{"background-color":"var(--ast-global-color-4)","background-image":"","background-repeat":"repeat","background-position":"center center","background-size":"auto","background-attachment":"scroll","background-type":"","background-media":"","overlay-type":"","overlay-color":"","overlay-opacity":"","overlay-gradient":""},"tablet":{"background-color":"var(--ast-global-color-4)","background-image":"","background-repeat":"repeat","background-position":"center center","background-size":"auto","background-attachment":"scroll","background-type":"","background-media":"","overlay-type":"","overlay-color":"","overlay-opacity":"","overlay-gradient":""},"mobile":{"background-color":"var(--ast-global-color-4)","background-image":"","background-repeat":"repeat","background-position":"center center","background-size":"auto","background-attachment":"scroll","background-type":"","background-media":"","overlay-type":"","overlay-color":"","overlay-opacity":"","overlay-gradient":""}},"footnotes":""},"class_list":["post-416","page","type-page","status-publish","hentry"],"yoast_head":"<!-- This site is optimized with the Yoast SEO plugin v27.1.1 - https:\/\/yoast.com\/product\/yoast-seo-wordpress\/ -->\n<title>Equipe de COOPERATION LOCALE - Coop\u00e9ration Locale<\/title>\n<meta name=\"description\" content=\"D\u00e9couvrez les ind\u00e9pendants engag\u00e9s dans le d\u00e9veloppement de Coop\u00e9ration Locale, un r\u00e9seau apprenant d&#039;ind\u00e9pendants sur votre territoire\" \/>\n<meta name=\"robots\" content=\"index, follow, max-snippet:-1, max-image-preview:large, max-video-preview:-1\" \/>\n<link rel=\"canonical\" href=\"https:\/\/cooperation-locale.fr\/index.php\/qui-sommes-nous\/\" \/>\n<meta property=\"og:locale\" content=\"en_US\" \/>\n<meta property=\"og:type\" content=\"article\" \/>\n<meta property=\"og:title\" content=\"Equipe de COOPERATION LOCALE - Coop\u00e9ration Locale\" \/>\n<meta property=\"og:description\" content=\"D\u00e9couvrez les ind\u00e9pendants engag\u00e9s dans le d\u00e9veloppement de Coop\u00e9ration Locale, un r\u00e9seau apprenant d&#039;ind\u00e9pendants sur votre territoire\" \/>\n<meta property=\"og:url\" content=\"https:\/\/cooperation-locale.fr\/index.php\/qui-sommes-nous\/\" \/>\n<meta property=\"og:site_name\" content=\"Coop\u00e9ration Locale\" \/>\n<meta property=\"article:publisher\" content=\"https:\/\/www.facebook.com\/profile.php?id=61587758434285\" \/>\n<meta property=\"article:modified_time\" content=\"2026-03-06T20:55:13+00:00\" \/>\n<meta property=\"og:image\" content=\"https:\/\/cooperation-locale.fr\/wp-content\/uploads\/2026\/02\/Frederique-SORGIATI-fondatrice-720x1024.png\" \/>\n\t<meta property=\"og:image:width\" content=\"720\" \/>\n\t<meta property=\"og:image:height\" content=\"1024\" \/>\n\t<meta property=\"og:image:type\" content=\"image\/png\" \/>\n<meta name=\"twitter:card\" content=\"summary_large_image\" \/>\n<script type=\"application\/ld+json\" class=\"yoast-schema-graph\">{\"@context\":\"https:\/\/schema.org\",\"@graph\":[{\"@type\":\"WebPage\",\"@id\":\"https:\/\/cooperation-locale.fr\/index.php\/qui-sommes-nous\/\",\"url\":\"https:\/\/cooperation-locale.fr\/index.php\/qui-sommes-nous\/\",\"name\":\"Equipe de COOPERATION LOCALE - Coop\u00e9ration Locale\",\"isPartOf\":{\"@id\":\"https:\/\/cooperation-locale.fr\/#website\"},\"primaryImageOfPage\":{\"@id\":\"https:\/\/cooperation-locale.fr\/index.php\/qui-sommes-nous\/#primaryimage\"},\"image\":{\"@id\":\"https:\/\/cooperation-locale.fr\/index.php\/qui-sommes-nous\/#primaryimage\"},\"thumbnailUrl\":\"https:\/\/cooperation-locale.fr\/wp-content\/uploads\/2026\/02\/Frederique-SORGIATI-fondatrice-720x1024.png\",\"datePublished\":\"2026-02-26T21:51:52+00:00\",\"dateModified\":\"2026-03-06T20:55:13+00:00\",\"description\":\"D\u00e9couvrez les ind\u00e9pendants engag\u00e9s dans le d\u00e9veloppement de Coop\u00e9ration Locale, un r\u00e9seau apprenant d'ind\u00e9pendants sur votre territoire\",\"breadcrumb\":{\"@id\":\"https:\/\/cooperation-locale.fr\/index.php\/qui-sommes-nous\/#breadcrumb\"},\"inLanguage\":\"en-US\",\"potentialAction\":[{\"@type\":\"ReadAction\",\"target\":[\"https:\/\/cooperation-locale.fr\/index.php\/qui-sommes-nous\/\"]}]},{\"@type\":\"ImageObject\",\"inLanguage\":\"en-US\",\"@id\":\"https:\/\/cooperation-locale.fr\/index.php\/qui-sommes-nous\/#primaryimage\",\"url\":\"https:\/\/cooperation-locale.fr\/wp-content\/uploads\/2026\/02\/Frederique-SORGIATI-fondatrice.png\",\"contentUrl\":\"https:\/\/cooperation-locale.fr\/wp-content\/uploads\/2026\/02\/Frederique-SORGIATI-fondatrice.png\",\"width\":957,\"height\":1362},{\"@type\":\"BreadcrumbList\",\"@id\":\"https:\/\/cooperation-locale.fr\/index.php\/qui-sommes-nous\/#breadcrumb\",\"itemListElement\":[{\"@type\":\"ListItem\",\"position\":1,\"name\":\"Home\",\"item\":\"https:\/\/cooperation-locale.fr\/\"},{\"@type\":\"ListItem\",\"position\":2,\"name\":\"Equipe de COOPERATION LOCALE\"}]},{\"@type\":\"WebSite\",\"@id\":\"https:\/\/cooperation-locale.fr\/#website\",\"url\":\"https:\/\/cooperation-locale.fr\/\",\"name\":\"Coop\u00e9ration-Locale\",\"description\":\"Un r\u00e9seau apprenant pour les ind\u00e9pendants cr\u00e9\u00e9 par des ind\u00e9pendants\",\"publisher\":{\"@id\":\"https:\/\/cooperation-locale.fr\/#organization\"},\"alternateName\":\"Coop\u00e9ration Locale\",\"potentialAction\":[{\"@type\":\"SearchAction\",\"target\":{\"@type\":\"EntryPoint\",\"urlTemplate\":\"https:\/\/cooperation-locale.fr\/?s={search_term_string}\"},\"query-input\":{\"@type\":\"PropertyValueSpecification\",\"valueRequired\":true,\"valueName\":\"search_term_string\"}}],\"inLanguage\":\"en-US\"},{\"@type\":\"Organization\",\"@id\":\"https:\/\/cooperation-locale.fr\/#organization\",\"name\":\"Coop\u00e9ration Locale\",\"alternateName\":\"Coop\u00e9ration Locale\",\"url\":\"https:\/\/cooperation-locale.fr\/\",\"logo\":{\"@type\":\"ImageObject\",\"inLanguage\":\"en-US\",\"@id\":\"https:\/\/cooperation-locale.fr\/#\/schema\/logo\/image\/\",\"url\":\"https:\/\/cooperation-locale.fr\/wp-content\/uploads\/2026\/02\/cropped-Logo-Cooperation-Locale.png\",\"contentUrl\":\"https:\/\/cooperation-locale.fr\/wp-content\/uploads\/2026\/02\/cropped-Logo-Cooperation-Locale.png\",\"width\":1024,\"height\":608,\"caption\":\"Coop\u00e9ration Locale\"},\"image\":{\"@id\":\"https:\/\/cooperation-locale.fr\/#\/schema\/logo\/image\/\"},\"sameAs\":[\"https:\/\/www.facebook.com\/profile.php?id=61587758434285\",\"https:\/\/www.linkedin.com\/company\/cooperation-locale\/?viewAsMember=true\"]}]}<\/script>\n<!-- \/ Yoast SEO plugin. -->","yoast_head_json":{"title":"Equipe de COOPERATION LOCALE - Coop\u00e9ration Locale","description":"D\u00e9couvrez les ind\u00e9pendants engag\u00e9s dans le d\u00e9veloppement de Coop\u00e9ration Locale, un r\u00e9seau apprenant d'ind\u00e9pendants sur votre territoire","robots":{"index":"index","follow":"follow","max-snippet":"max-snippet:-1","max-image-preview":"max-image-preview:large","max-video-preview":"max-video-preview:-1"},"canonical":"https:\/\/cooperation-locale.fr\/index.php\/qui-sommes-nous\/","og_locale":"en_US","og_type":"article","og_title":"Equipe de COOPERATION LOCALE - Coop\u00e9ration Locale","og_description":"D\u00e9couvrez les ind\u00e9pendants engag\u00e9s dans le d\u00e9veloppement de Coop\u00e9ration Locale, un r\u00e9seau apprenant d'ind\u00e9pendants sur votre territoire","og_url":"https:\/\/cooperation-locale.fr\/index.php\/qui-sommes-nous\/","og_site_name":"Coop\u00e9ration Locale","article_publisher":"https:\/\/www.facebook.com\/profile.php?id=61587758434285","article_modified_time":"2026-03-06T20:55:13+00:00","og_image":[{"width":720,"height":1024,"url":"https:\/\/cooperation-locale.fr\/wp-content\/uploads\/2026\/02\/Frederique-SORGIATI-fondatrice-720x1024.png","type":"image\/png"}],"twitter_card":"summary_large_image","schema":{"@context":"https:\/\/schema.org","@graph":[{"@type":"WebPage","@id":"https:\/\/cooperation-locale.fr\/index.php\/qui-sommes-nous\/","url":"https:\/\/cooperation-locale.fr\/index.php\/qui-sommes-nous\/","name":"Equipe de COOPERATION LOCALE - Coop\u00e9ration Locale","isPartOf":{"@id":"https:\/\/cooperation-locale.fr\/#website"},"primaryImageOfPage":{"@id":"https:\/\/cooperation-locale.fr\/index.php\/qui-sommes-nous\/#primaryimage"},"image":{"@id":"https:\/\/cooperation-locale.fr\/index.php\/qui-sommes-nous\/#primaryimage"},"thumbnailUrl":"https:\/\/cooperation-locale.fr\/wp-content\/uploads\/2026\/02\/Frederique-SORGIATI-fondatrice-720x1024.png","datePublished":"2026-02-26T21:51:52+00:00","dateModified":"2026-03-06T20:55:13+00:00","description":"D\u00e9couvrez les ind\u00e9pendants engag\u00e9s dans le d\u00e9veloppement de Coop\u00e9ration Locale, un r\u00e9seau apprenant d'ind\u00e9pendants sur votre territoire","breadcrumb":{"@id":"https:\/\/cooperation-locale.fr\/index.php\/qui-sommes-nous\/#breadcrumb"},"inLanguage":"en-US","potentialAction":[{"@type":"ReadAction","target":["https:\/\/cooperation-locale.fr\/index.php\/qui-sommes-nous\/"]}]},{"@type":"ImageObject","inLanguage":"en-US","@id":"https:\/\/cooperation-locale.fr\/index.php\/qui-sommes-nous\/#primaryimage","url":"https:\/\/cooperation-locale.fr\/wp-content\/uploads\/2026\/02\/Frederique-SORGIATI-fondatrice.png","contentUrl":"https:\/\/cooperation-locale.fr\/wp-content\/uploads\/2026\/02\/Frederique-SORGIATI-fondatrice.png","width":957,"height":1362},{"@type":"BreadcrumbList","@id":"https:\/\/cooperation-locale.fr\/index.php\/qui-sommes-nous\/#breadcrumb","itemListElement":[{"@type":"ListItem","position":1,"name":"Home","item":"https:\/\/cooperation-locale.fr\/"},{"@type":"ListItem","position":2,"name":"Equipe de COOPERATION LOCALE"}]},{"@type":"WebSite","@id":"https:\/\/cooperation-locale.fr\/#website","url":"https:\/\/cooperation-locale.fr\/","name":"Coop\u00e9ration-Locale","description":"Un r\u00e9seau apprenant pour les ind\u00e9pendants cr\u00e9\u00e9 par des ind\u00e9pendants","publisher":{"@id":"https:\/\/cooperation-locale.fr\/#organization"},"alternateName":"Coop\u00e9ration Locale","potentialAction":[{"@type":"SearchAction","target":{"@type":"EntryPoint","urlTemplate":"https:\/\/cooperation-locale.fr\/?s={search_term_string}"},"query-input":{"@type":"PropertyValueSpecification","valueRequired":true,"valueName":"search_term_string"}}],"inLanguage":"en-US"},{"@type":"Organization","@id":"https:\/\/cooperation-locale.fr\/#organization","name":"Coop\u00e9ration Locale","alternateName":"Coop\u00e9ration Locale","url":"https:\/\/cooperation-locale.fr\/","logo":{"@type":"ImageObject","inLanguage":"en-US","@id":"https:\/\/cooperation-locale.fr\/#\/schema\/logo\/image\/","url":"https:\/\/cooperation-locale.fr\/wp-content\/uploads\/2026\/02\/cropped-Logo-Cooperation-Locale.png","contentUrl":"https:\/\/cooperation-locale.fr\/wp-content\/uploads\/2026\/02\/cropped-Logo-Cooperation-Locale.png","width":1024,"height":608,"caption":"Coop\u00e9ration Locale"},"image":{"@id":"https:\/\/cooperation-locale.fr\/#\/schema\/logo\/image\/"},"sameAs":["https:\/\/www.facebook.com\/profile.php?id=61587758434285","https:\/\/www.linkedin.com\/company\/cooperation-locale\/?viewAsMember=true"]}]}},"uagb_featured_image_src":{"full":false,"thumbnail":false,"medium":false,"medium_large":false,"large":false,"1536x1536":false,"2048x2048":false},"uagb_author_info":{"display_name":"Fr\u00e9d\u00e9rique","author_link":"https:\/\/cooperation-locale.fr\/index.php\/author\/admin5737\/"},"uagb_comment_info":0,"uagb_excerpt":"L&#8217;\u00e9quipe de COOP\u00c9RATION LOCALE Apr\u00e8s 20 ans d&#8217;exp\u00e9rience dans des fonctions de direction commerciale, Fr\u00e9d\u00e9rique a choisi l&#8217;ind\u00e9pendance. C&#8217;\u00e9tait il [&hellip;]","_links":{"self":[{"href":"https:\/\/cooperation-locale.fr\/index.php\/wp-json\/wp\/v2\/pages\/416","targetHints":{"allow":["GET"]}}],"collection":[{"href":"https:\/\/cooperation-locale.fr\/index.php\/wp-json\/wp\/v2\/pages"}],"about":[{"href":"https:\/\/cooperation-locale.fr\/index.php\/wp-json\/wp\/v2\/types\/page"}],"author":[{"embeddable":true,"href":"https:\/\/cooperation-locale.fr\/index.php\/wp-json\/wp\/v2\/users\/1"}],"replies":[{"embeddable":true,"href":"https:\/\/cooperation-locale.fr\/index.php\/wp-json\/wp\/v2\/comments?post=416"}],"version-history":[{"count":22,"href":"https:\/\/cooperation-locale.fr\/index.php\/wp-json\/wp\/v2\/pages\/416\/revisions"}],"predecessor-version":[{"id":900,"href":"https:\/\/cooperation-locale.fr\/index.php\/wp-json\/wp\/v2\/pages\/416\/revisions\/900"}],"wp:attachment":[{"href":"https:\/\/cooperation-locale.fr\/index.php\/wp-json\/wp\/v2\/media?parent=416"}],"curies":[{"name":"wp","href":"https:\/\/api.w.org\/{rel}","templated":true}]}}